{"id":1627,"date":"2024-09-22T07:53:39","date_gmt":"2024-09-22T05:53:39","guid":{"rendered":"https:\/\/www.panneaupiano.fr\/?page_id=1627"},"modified":"2025-09-22T07:54:49","modified_gmt":"2025-09-22T05:54:49","slug":"credits","status":"publish","type":"page","link":"https:\/\/www.panneaupiano.fr\/en\/credits\/","title":{"rendered":"Credits"},"content":{"rendered":"<h1>Credits for the PanneauPiano.fr website<\/h1>\n<p>The PanneauPiano.fr website was developed by <a href=\"https:\/\/www.limbus.fr\/\" target=\"_blank\" rel=\"noopener\">Limbus Studio<\/a>, an agency specializing in WordPress and WooCommerce.<\/p>\n<p>The technical services of the project include:<\/p>\n<p>* <a href=\"https:\/\/www.limbus.fr\/offre-et-forfait-de-contrat-maintenance-wordpress\/\" target=\"_blank\" rel=\"noopener\">WordPress Maintenance<\/a> to ensure CMS updates, extensions and ensure security.<br \/>\n* <a href=\"https:\/\/wordpress.limbus.fr\/4-maintenance-wordpress-woocommerce\/\" target=\"_blank\" rel=\"noopener\">WooCommerce Scalable Maintenance<\/a> to integrate additional features according to the evolving needs of the store.<br \/>\n* <a href=\"https:\/\/www.limbus.fr\/agence-digitale-wordpress-et-woocommerce\/refonte-site-wordpress-woocommerce\/\" target=\"_blank\" rel=\"noopener\">WordPress Redesign and Development<\/a> to structure the content, adapt the ergonomics and respond to the technical challenges of the site.<br \/>\n* <a href=\"https:\/\/wordpress.limbus.fr\/services-wp\/optimisation-performances-core-web-vitals-wordpress-woocommerce-pagespeed-insights\/\" target=\"_blank\" rel=\"noopener\">Performance optimization<\/a> aimed at improving loading speed and ensuring compliance with technical indicators (Core Web Vitals).<\/p>\n<p>Specific work was carried out to ensure the visual consistency of the acoustic panels, the reliability of the site in real usage conditions, and appropriate management of the content produced.<\/p>\n<p>The photographs, visuals, and graphic elements on this site are protected by copyright. Some visuals come from royalty-free image banks, according to the corresponding licenses.<\/p>","protected":false},"excerpt":{"rendered":"<p>Cr\u00e9dits du site PanneauPiano.fr Le site PanneauPiano.fr a \u00e9t\u00e9 d\u00e9velopp\u00e9 par Limbus Studio, agence sp\u00e9cialis\u00e9e WordPress et WooCommerce. Les prestations techniques du projet incluent : * Maintenance WordPress pour assurer les mises \u00e0 jour du CMS, extensions et veiller \u00e0 la s\u00e9curit\u00e9. * Maintenance \u00e9volutive WooCommerce pour int\u00e9grer des fonctionnalit\u00e9s suppl\u00e9mentaires selon les besoins \u00e9volutifs [&hellip;]<\/p>\n","protected":false},"author":1,"featured_media":0,"parent":0,"menu_order":0,"comment_status":"closed","ping_status":"closed","template":"","meta":{"footnotes":""},"class_list":["post-1627","page","type-page","status-publish","hentry"],"yoast_head":"<!-- This site is optimized with the Yoast SEO plugin v27.5 - https:\/\/yoast.com\/product\/yoast-seo-wordpress\/ -->\n<title>Cr\u00e9dits - PanneauPiano.fr<\/title>\n<meta name=\"robots\" content=\"index, follow, max-snippet:-1, max-image-preview:large, max-video-preview:-1\" \/>\n<link rel=\"canonical\" href=\"https:\/\/www.panneaupiano.fr\/en\/credits\/\" \/>\n<meta property=\"og:locale\" content=\"en_GB\" \/>\n<meta property=\"og:type\" content=\"article\" \/>\n<meta property=\"og:title\" content=\"Cr\u00e9dits - PanneauPiano.fr\" \/>\n<meta property=\"og:description\" content=\"Cr\u00e9dits du site PanneauPiano.fr Le site PanneauPiano.fr a \u00e9t\u00e9 d\u00e9velopp\u00e9 par Limbus Studio, agence sp\u00e9cialis\u00e9e WordPress et WooCommerce. Les prestations techniques du projet incluent : * Maintenance WordPress pour assurer les mises \u00e0 jour du CMS, extensions et veiller \u00e0 la s\u00e9curit\u00e9. * Maintenance \u00e9volutive WooCommerce pour int\u00e9grer des fonctionnalit\u00e9s suppl\u00e9mentaires selon les besoins \u00e9volutifs [&hellip;]\" \/>\n<meta property=\"og:url\" content=\"https:\/\/www.panneaupiano.fr\/en\/credits\/\" \/>\n<meta property=\"og:site_name\" content=\"PanneauPiano.fr\" \/>\n<meta property=\"article:modified_time\" content=\"2025-09-22T05:54:49+00:00\" \/>\n<meta name=\"twitter:card\" content=\"summary_large_image\" \/>\n<script type=\"application\/ld+json\" class=\"yoast-schema-graph\">{\"@context\":\"https:\\\/\\\/schema.org\",\"@graph\":[{\"@type\":\"WebPage\",\"@id\":\"https:\\\/\\\/www.panneaupiano.fr\\\/credits\\\/\",\"url\":\"https:\\\/\\\/www.panneaupiano.fr\\\/credits\\\/\",\"name\":\"Cr\u00e9dits - PanneauPiano.fr\",\"isPartOf\":{\"@id\":\"https:\\\/\\\/www.panneaupiano.fr\\\/#website\"},\"datePublished\":\"2024-09-22T05:53:39+00:00\",\"dateModified\":\"2025-09-22T05:54:49+00:00\",\"breadcrumb\":{\"@id\":\"https:\\\/\\\/www.panneaupiano.fr\\\/credits\\\/#breadcrumb\"},\"inLanguage\":\"en-GB\",\"potentialAction\":[{\"@type\":\"ReadAction\",\"target\":[\"https:\\\/\\\/www.panneaupiano.fr\\\/credits\\\/\"]}]},{\"@type\":\"BreadcrumbList\",\"@id\":\"https:\\\/\\\/www.panneaupiano.fr\\\/credits\\\/#breadcrumb\",\"itemListElement\":[{\"@type\":\"ListItem\",\"position\":1,\"name\":\"Accueil\",\"item\":\"https:\\\/\\\/www.panneaupiano.fr\\\/accueil\\\/\"},{\"@type\":\"ListItem\",\"position\":2,\"name\":\"Cr\u00e9dits\"}]},{\"@type\":\"WebSite\",\"@id\":\"https:\\\/\\\/www.panneaupiano.fr\\\/#website\",\"url\":\"https:\\\/\\\/www.panneaupiano.fr\\\/\",\"name\":\"PanneauPiano.fr\",\"description\":\"\",\"publisher\":{\"@id\":\"https:\\\/\\\/www.panneaupiano.fr\\\/#organization\"},\"potentialAction\":[{\"@type\":\"SearchAction\",\"target\":{\"@type\":\"EntryPoint\",\"urlTemplate\":\"https:\\\/\\\/www.panneaupiano.fr\\\/?s={search_term_string}\"},\"query-input\":{\"@type\":\"PropertyValueSpecification\",\"valueRequired\":true,\"valueName\":\"search_term_string\"}}],\"inLanguage\":\"en-GB\"},{\"@type\":\"Organization\",\"@id\":\"https:\\\/\\\/www.panneaupiano.fr\\\/#organization\",\"name\":\"PanneauPiano.fr\",\"url\":\"https:\\\/\\\/www.panneaupiano.fr\\\/\",\"logo\":{\"@type\":\"ImageObject\",\"inLanguage\":\"en-GB\",\"@id\":\"https:\\\/\\\/www.panneaupiano.fr\\\/#\\\/schema\\\/logo\\\/image\\\/\",\"url\":\"https:\\\/\\\/www.panneaupiano.fr\\\/wp-content\\\/uploads\\\/2023\\\/07\\\/logo-panneau-piano-carre.png\",\"contentUrl\":\"https:\\\/\\\/www.panneaupiano.fr\\\/wp-content\\\/uploads\\\/2023\\\/07\\\/logo-panneau-piano-carre.png\",\"width\":1000,\"height\":1000,\"caption\":\"PanneauPiano.fr\"},\"image\":{\"@id\":\"https:\\\/\\\/www.panneaupiano.fr\\\/#\\\/schema\\\/logo\\\/image\\\/\"}}]}<\/script>\n<!-- \/ Yoast SEO plugin. -->","yoast_head_json":{"title":"Credits - PanneauPiano.fr","robots":{"index":"index","follow":"follow","max-snippet":"max-snippet:-1","max-image-preview":"max-image-preview:large","max-video-preview":"max-video-preview:-1"},"canonical":"https:\/\/www.panneaupiano.fr\/en\/credits\/","og_locale":"en_GB","og_type":"article","og_title":"Cr\u00e9dits - PanneauPiano.fr","og_description":"Cr\u00e9dits du site PanneauPiano.fr Le site PanneauPiano.fr a \u00e9t\u00e9 d\u00e9velopp\u00e9 par Limbus Studio, agence sp\u00e9cialis\u00e9e WordPress et WooCommerce. Les prestations techniques du projet incluent : * Maintenance WordPress pour assurer les mises \u00e0 jour du CMS, extensions et veiller \u00e0 la s\u00e9curit\u00e9. * Maintenance \u00e9volutive WooCommerce pour int\u00e9grer des fonctionnalit\u00e9s suppl\u00e9mentaires selon les besoins \u00e9volutifs [&hellip;]","og_url":"https:\/\/www.panneaupiano.fr\/en\/credits\/","og_site_name":"PanneauPiano.fr","article_modified_time":"2025-09-22T05:54:49+00:00","twitter_card":"summary_large_image","schema":{"@context":"https:\/\/schema.org","@graph":[{"@type":"WebPage","@id":"https:\/\/www.panneaupiano.fr\/credits\/","url":"https:\/\/www.panneaupiano.fr\/credits\/","name":"Credits - PanneauPiano.fr","isPartOf":{"@id":"https:\/\/www.panneaupiano.fr\/#website"},"datePublished":"2024-09-22T05:53:39+00:00","dateModified":"2025-09-22T05:54:49+00:00","breadcrumb":{"@id":"https:\/\/www.panneaupiano.fr\/credits\/#breadcrumb"},"inLanguage":"en-GB","potentialAction":[{"@type":"ReadAction","target":["https:\/\/www.panneaupiano.fr\/credits\/"]}]},{"@type":"BreadcrumbList","@id":"https:\/\/www.panneaupiano.fr\/credits\/#breadcrumb","itemListElement":[{"@type":"ListItem","position":1,"name":"Accueil","item":"https:\/\/www.panneaupiano.fr\/accueil\/"},{"@type":"ListItem","position":2,"name":"Cr\u00e9dits"}]},{"@type":"WebSite","@id":"https:\/\/www.panneaupiano.fr\/#website","url":"https:\/\/www.panneaupiano.fr\/","name":"PanneauPiano.fr","description":"","publisher":{"@id":"https:\/\/www.panneaupiano.fr\/#organization"},"potentialAction":[{"@type":"SearchAction","target":{"@type":"EntryPoint","urlTemplate":"https:\/\/www.panneaupiano.fr\/?s={search_term_string}"},"query-input":{"@type":"PropertyValueSpecification","valueRequired":true,"valueName":"search_term_string"}}],"inLanguage":"en-GB"},{"@type":"Organization","@id":"https:\/\/www.panneaupiano.fr\/#organization","name":"PanneauPiano.fr","url":"https:\/\/www.panneaupiano.fr\/","logo":{"@type":"ImageObject","inLanguage":"en-GB","@id":"https:\/\/www.panneaupiano.fr\/#\/schema\/logo\/image\/","url":"https:\/\/www.panneaupiano.fr\/wp-content\/uploads\/2023\/07\/logo-panneau-piano-carre.png","contentUrl":"https:\/\/www.panneaupiano.fr\/wp-content\/uploads\/2023\/07\/logo-panneau-piano-carre.png","width":1000,"height":1000,"caption":"PanneauPiano.fr"},"image":{"@id":"https:\/\/www.panneaupiano.fr\/#\/schema\/logo\/image\/"}}]}},"_links":{"self":[{"href":"https:\/\/www.panneaupiano.fr\/en\/wp-json\/wp\/v2\/pages\/1627","targetHints":{"allow":["GET"]}}],"collection":[{"href":"https:\/\/www.panneaupiano.fr\/en\/wp-json\/wp\/v2\/pages"}],"about":[{"href":"https:\/\/www.panneaupiano.fr\/en\/wp-json\/wp\/v2\/types\/page"}],"author":[{"embeddable":true,"href":"https:\/\/www.panneaupiano.fr\/en\/wp-json\/wp\/v2\/users\/1"}],"replies":[{"embeddable":true,"href":"https:\/\/www.panneaupiano.fr\/en\/wp-json\/wp\/v2\/comments?post=1627"}],"version-history":[{"count":3,"href":"https:\/\/www.panneaupiano.fr\/en\/wp-json\/wp\/v2\/pages\/1627\/revisions"}],"predecessor-version":[{"id":1629,"href":"https:\/\/www.panneaupiano.fr\/en\/wp-json\/wp\/v2\/pages\/1627\/revisions\/1629"}],"wp:attachment":[{"href":"https:\/\/www.panneaupiano.fr\/en\/wp-json\/wp\/v2\/media?parent=1627"}],"curies":[{"name":"wp","href":"https:\/\/api.w.org\/{rel}","templated":true}]}}